{"id":65,"date":"2020-03-30T16:04:23","date_gmt":"2020-03-30T16:04:23","guid":{"rendered":"https:\/\/primealture.oltrepoacasatua.it\/?page_id=65"},"modified":"2020-06-08T15:05:55","modified_gmt":"2020-06-08T15:05:55","slug":"tenuta-le-fracce","status":"publish","type":"page","link":"https:\/\/lefracce.oltrepoacasatua.it\/index.php\/tenuta-le-fracce\/","title":{"rendered":"Tenuta Le Fracce a Mairano di Casteggio in Oltrep\u00f2 Pavese"},"content":{"rendered":"<p>[vc_row][vc_column][vc_custom_heading text=&#8221;Un mosaico di arte, viticultura e natura, cos\u00ec pu\u00f2 essere riassunta la storia della Tenuta Le Fracce a Mairano di Casteggio&#8221; font_container=&#8221;tag:h2|text_align:center&#8221; use_theme_fonts=&#8221;yes&#8221;][vc_message message_box_style=&#8221;outline&#8221; message_box_color=&#8221;violet&#8221; icon_fontawesome=&#8221;far fa-bell&#8221;]<em>Le Fracce ha costruito in oltre un secolo di storia un mosaico incantevole di arte, viticoltura e natura, realizzando vini di qualit\u00e0 superiore e di carattere distintivo nel cuore dell\u2019Oltrep\u00f2 Pavese.<\/em>[\/vc_message][vc_column_text]<\/p>\n<p style=\"text-align: justify;\"><b>UN SECOLO DI STORIA. <\/b>L\u2019azienda <strong>Le Fracce<\/strong> nasce a <strong>Mairano di Casteggio nel 1905 con Giulio Bussolera<\/strong>. I suoi vigneti si modellavano su una dolce collina denominata in dialetto pavese \u201c<strong>Cirg\u00e0<\/strong>\u201d. A met\u00e0 degli anni \u201850 l\u2019avvocato <strong>Fernando Bussolera<\/strong> acquista una residenza ai piedi di questa collina, costruita nel XVII secolo come convento monacale e, assieme alla moglie <strong>Lina Branca<\/strong>, ne fa la propria abitazione. Ai vigneti ereditati dal pap\u00e0 Giulio, Fernando affianca nuove vigne, fino ad arrivare a una superficie <strong>vitata di 40 ettari<\/strong> e un\u2019azienda in pianura di 50 ettari. A esse aggiunge un parco, dando vita cos\u00ec a un vero e proprio vigneto con giardino: <strong>100 ettari di meraviglie naturalistiche<\/strong>.<\/p>\n<p style=\"text-align: justify;\"><img loading=\"lazy\" decoding=\"async\" class=\"alignnone size-full wp-image-495\" src=\"https:\/\/lefracce.oltrepoacasatua.it\/wp-content\/uploads\/2020\/06\/villa-bussolera-branca-mairano-casteggio.jpg\" alt=\"villa bussolera branca mairano casteggio\" width=\"1920\" height=\"705\" srcset=\"https:\/\/lefracce.oltrepoacasatua.it\/wp-content\/uploads\/2020\/06\/villa-bussolera-branca-mairano-casteggio.jpg 1920w, https:\/\/lefracce.oltrepoacasatua.it\/wp-content\/uploads\/2020\/06\/villa-bussolera-branca-mairano-casteggio-300x110.jpg 300w, https:\/\/lefracce.oltrepoacasatua.it\/wp-content\/uploads\/2020\/06\/villa-bussolera-branca-mairano-casteggio-1024x376.jpg 1024w, https:\/\/lefracce.oltrepoacasatua.it\/wp-content\/uploads\/2020\/06\/villa-bussolera-branca-mairano-casteggio-768x282.jpg 768w, https:\/\/lefracce.oltrepoacasatua.it\/wp-content\/uploads\/2020\/06\/villa-bussolera-branca-mairano-casteggio-1536x564.jpg 1536w, https:\/\/lefracce.oltrepoacasatua.it\/wp-content\/uploads\/2020\/06\/villa-bussolera-branca-mairano-casteggio-370x136.jpg 370w, https:\/\/lefracce.oltrepoacasatua.it\/wp-content\/uploads\/2020\/06\/villa-bussolera-branca-mairano-casteggio-600x220.jpg 600w\" sizes=\"auto, (max-width: 1920px) 100vw, 1920px\" \/><\/p>\n<p style=\"text-align: justify;\">Le passioni dell\u2019avvocato Bussolera arricchiscono la tenuta di un incantevole tessuto di flora e fauna: un giardino coloratissimo di fiori e piante, uccelli tropicali, fenicotteri, pavoni, fagiani dorati, cavalli, animali rari ed esotici come i ghepardi. Nei primi anni \u201860 nascono le prime etichette della tenuta: <strong>Le Fracce del Levriere<\/strong>, <strong>Le Fracce del Fagiano<\/strong>, <strong>Le Fracce del Cavallo<\/strong>, <strong>Le Fracce del Pavone<\/strong> e <strong>Le Fracce del Pettirosso<\/strong>. Poco prima della sua morte, l\u2019avvocato Bussolera costituisce la <strong>Fondazione Bussolera-Branca<\/strong>, a cui lascia l\u2019intero patrimonio istituendone gli scopi che essa deve perseguire: la conservazione della villa, del parco e delle collezioni, la promozione e la diffusione della conoscenza scientifica rivolta anche alla valorizzazione del patrimonio agricolo dell\u2019Oltrep\u00f2 Pavese. Oggi la residenza, sede della Fondazione Bussolera-Branca, \u00e8 un luogo dove l\u2019interazione tra uomo, arte e natura disegna un mosaico di rara bellezza: il parco secolare \u2013 con statue antiche e centinaia di esemplari di alberi anche secolari e piante di fiori \u2013 raccoglie le collezioni di carrozze, calessi e auto d\u2019epoca, di cui l\u2019avvocato era grande amante, e le cantine della Tenuta Le Fracce. Recentemente ha preso vita in una dimora storica di propriet\u00e0 all\u2019interno del complesso, la <strong>Casa dell\u2019Art Brut<\/strong> in cui \u00e8 ospitata una collezione di <strong>30.000 opere di Outsider Art<\/strong> \u2013 tra le pi\u00f9 importanti al mondo \u2013 assieme a due importanti collezioni di libri. Le Fracce ha costruito in oltre un secolo di storia un mosaico incantevole di arte, viticoltura e natura, realizzando vini di qualit\u00e0 superiore e di carattere distintivo nel cuore dell\u2019Oltrep\u00f2 Pavese. <strong>E\u2019 in questo contesto di intenso e costante dinamismo culturale e naturalistico che nascono oggi i vini della Tenuta Le Fracce.<\/strong><\/p>\n<p>\u00a0[\/vc_column_text][vc_message message_box_style=&#8221;outline&#8221; message_box_color=&#8221;violet&#8221; icon_fontawesome=&#8221;fas fa-wine-bottle&#8221;]<em>Le Fracce ha costruito in oltre un secolo di storia un mosaico incantevole di arte, viticoltura e natura, realizzando vini di qualit\u00e0 superiore e di carattere distintivo nel cuore dell\u2019Oltrep\u00f2 Pavese. <\/em><em>Con una storia di professionalit\u00e0 e tenacia, Le Fracce rappresenta, attraverso i suoi vini, la classicit\u00e0 di un territorio e la contemporaneit\u00e0 dell\u2019uomo che oggi li crea: amiamo dire Orgoglio di Lombardia.<\/em>[\/vc_message][vc_column_text]<\/p>\n<p style=\"text-align: JUSTIFY;\">Nel <strong>1999<\/strong>, entra in azienda l\u2019enologo <strong>Roberto Gerbino<\/strong>: ha inizio un nuovo corso della storia di Le Fracce. Grazie a lui, l\u2019attivit\u00e0 di promozione e diffusione delle conoscenze in campo viticolo svolta dalla Fondazione Bussolera-Branca, proprietaria della Tenuta, trova un vero campo di applicazione: Roberto implementa nei vigneti e in cantina i risultati delle ricerche scientifiche che la Fondazione ha finanziato nel corso degli anni \u2013 dall\u2019uso di funghi come protettori naturali delle barbatelle all\u2019induzione della resistenza alla siccit\u00e0 \u2013 imprimendo nei vini una linea qualitativa di grande definizione. Roberto concentra anche le proprie energie nel valorizzare un vitigno parte della tradizione della zona: il Pinot Nero. Dal 2003 nascono cos\u00ec due etichette dedicate a questo nobile vino rosso: Il Riserva e il Moro. Dal 2015 nella tenuta si apre un nuovo capitolo: Roberto, assieme all\u2019amico <strong>Giorgio Visconti<\/strong>, assume la gestione diretta della cantina, mettendosi in gioco in prima persona. Una scelta di appartenenza e di coraggio grazie alla quale Roberto \u00e8 riuscito a trasmettere con incisivit\u00e0 la filosofia della Fondazione e la propria visione nei vini: eccellenza, carattere, precisione, territorialit\u00e0.<\/p>\n<p style=\"text-align: JUSTIFY;\"><img loading=\"lazy\" decoding=\"async\" class=\"alignnone size-full wp-image-494\" src=\"https:\/\/lefracce.oltrepoacasatua.it\/wp-content\/uploads\/2020\/06\/le-fracce-roberto-gerbino.jpg\" alt=\"le-fracce-roberto-gerbino\" width=\"1920\" height=\"705\" srcset=\"https:\/\/lefracce.oltrepoacasatua.it\/wp-content\/uploads\/2020\/06\/le-fracce-roberto-gerbino.jpg 1920w, https:\/\/lefracce.oltrepoacasatua.it\/wp-content\/uploads\/2020\/06\/le-fracce-roberto-gerbino-300x110.jpg 300w, https:\/\/lefracce.oltrepoacasatua.it\/wp-content\/uploads\/2020\/06\/le-fracce-roberto-gerbino-1024x376.jpg 1024w, https:\/\/lefracce.oltrepoacasatua.it\/wp-content\/uploads\/2020\/06\/le-fracce-roberto-gerbino-768x282.jpg 768w, https:\/\/lefracce.oltrepoacasatua.it\/wp-content\/uploads\/2020\/06\/le-fracce-roberto-gerbino-1536x564.jpg 1536w, https:\/\/lefracce.oltrepoacasatua.it\/wp-content\/uploads\/2020\/06\/le-fracce-roberto-gerbino-370x136.jpg 370w, https:\/\/lefracce.oltrepoacasatua.it\/wp-content\/uploads\/2020\/06\/le-fracce-roberto-gerbino-600x220.jpg 600w\" sizes=\"auto, (max-width: 1920px) 100vw, 1920px\" \/><\/p>\n<p style=\"text-align: JUSTIFY;\"><strong>Oggi i vini di Le Fracce rappresentano appieno gli ideali del fondatore e le idee di Roberto:<\/strong> promuovere una viticoltura rispettosa dell\u2019ambiente, preservando la sanit\u00e0 dei terreni, da lasciare come patrimonio per le generazioni future; sviluppare e conservare la diversit\u00e0 biologica, privilegiando le risorse naturali; valorizzare i vitigni del territorio; favorire la sperimentazione al fine di migliorare la produzione di qualit\u00e0 e dar vita a nuove creazioni. Le etichette che rappresentano l\u2019azienda oggi sono 12: dagli spumanti a base di Pinot Nero ai bianchi Riesling Renano, Pinot Grigio e Pinot Bianco, oltre che agli assemblaggi storici Bohemi e Cirg\u00e0, ai Pinot Nero e agli autoctoni Bonarda e Barbera. <strong>Un mosaico di vini che riflette pienamente la storicit\u00e0, l\u2019effervescenza e il dinamismo di Le Fracce.<\/strong><\/p>\n<p>[\/vc_column_text][vc_single_image image=&#8221;259&#8243; img_size=&#8221;full&#8221; alignment=&#8221;center&#8221;][\/vc_column][\/vc_row]<\/p>\n","protected":false},"excerpt":{"rendered":"<p>[vc_row][vc_column][vc_custom_heading text=&#8221;Un mosaico di arte, viticultura e natura, cos\u00ec pu\u00f2 essere riassunta la storia della Tenuta Le Fracce a Mairano di Casteggio&#8221; font_container=&#8221;tag:h2|text_align:center&#8221; use_theme_fonts=&#8221;yes&#8221;][vc_message message_box_style=&#8221;outline&#8221; message_box_color=&#8221;violet&#8221; icon_fontawesome=&#8221;far fa-bell&#8221;]Le Fracce ha costruito in oltre un secolo di storia un mosaico incantevole di arte, viticoltura e natura, realizzando vini di qualit\u00e0 superiore e di carattere distintivo nel&hellip;<\/p>\n","protected":false},"author":1,"featured_media":0,"parent":0,"menu_order":0,"comment_status":"closed","ping_status":"closed","template":"","meta":{"footnotes":""},"class_list":["post-65","page","type-page","status-publish","hentry"],"_links":{"self":[{"href":"https:\/\/lefracce.oltrepoacasatua.it\/index.php\/wp-json\/wp\/v2\/pages\/65","targetHints":{"allow":["GET"]}}],"collection":[{"href":"https:\/\/lefracce.oltrepoacasatua.it\/index.php\/wp-json\/wp\/v2\/pages"}],"about":[{"href":"https:\/\/lefracce.oltrepoacasatua.it\/index.php\/wp-json\/wp\/v2\/types\/page"}],"author":[{"embeddable":true,"href":"https:\/\/lefracce.oltrepoacasatua.it\/index.php\/wp-json\/wp\/v2\/users\/1"}],"replies":[{"embeddable":true,"href":"https:\/\/lefracce.oltrepoacasatua.it\/index.php\/wp-json\/wp\/v2\/comments?post=65"}],"version-history":[{"count":20,"href":"https:\/\/lefracce.oltrepoacasatua.it\/index.php\/wp-json\/wp\/v2\/pages\/65\/revisions"}],"predecessor-version":[{"id":497,"href":"https:\/\/lefracce.oltrepoacasatua.it\/index.php\/wp-json\/wp\/v2\/pages\/65\/revisions\/497"}],"wp:attachment":[{"href":"https:\/\/lefracce.oltrepoacasatua.it\/index.php\/wp-json\/wp\/v2\/media?parent=65"}],"curies":[{"name":"wp","href":"https:\/\/api.w.org\/{rel}","templated":true}]}}