{"id":73,"date":"2020-03-30T16:27:43","date_gmt":"2020-03-30T16:27:43","guid":{"rendered":"https:\/\/primealture.oltrepoacasatua.it\/?page_id=73"},"modified":"2020-06-09T06:02:08","modified_gmt":"2020-06-09T06:02:08","slug":"consigli-per-gli-acquisti","status":"publish","type":"page","link":"https:\/\/lefracce.oltrepoacasatua.it\/index.php\/consigli-per-gli-acquisti\/","title":{"rendered":"Perch\u00e8 acquistare i Vini della Tenuta Le Fracce di Casteggio"},"content":{"rendered":"<p>[vc_row][vc_column][vc_custom_heading text=&#8221;PERCHE&#8217; ACQUISTARE&#8221; font_container=&#8221;tag:h1|text_align:center|color:%23dd3333&#8243; use_theme_fonts=&#8221;yes&#8221;][vc_column_text]<\/p>\n<p style=\"text-align: justify;\"><strong>Perch\u00e8 acquistare?<\/strong>\u00a0L\u2019Oltrep\u00f2 Pavese \u00e8 una delle zone italiane pi\u00f9 antica per la produzione di vino; scritture che risalgono ai tempi dei romani testimoniano la coltivazione della vite e la produzione di vino. Una lunga storia che porta il territorio ad essere oggi il primo della Lombardia per ettari vitati e produzione. Una terra che vede nelle sue peculiarit\u00e0 l\u2019habitat ideale per la coltivazione della vite.<\/p>\n<p style=\"text-align: justify;\">Un territorio che ha visto i produttori, in questi ultimi anni, sviluppare coltivazioni nel rispetto dell\u2019ambiente e delle biodiversit\u00e0 in vigneto lavorando con un forte rispetto della terra a tutela del consumatore finale. Anche la qualit\u00e0 dei prodotti si \u00e8 elevata notevolmente; molte cantine hanno orientato la loro produzione verso la riduzione delle rese in vigna per ottenere un prodotto finale di qualit\u00e0, convinti che proprio la qualit\u00e0 del vino si ottiene da una buona conduzione dei vigneti.<\/p>\n<p style=\"text-align: justify;\">Questo ha permesso all\u2019Oltrep\u00f2 Pavese di entrare di diritto nelle zone italiane pi\u00f9 famose per la produzione di grandi vini, con un plus tutt\u2019altro che trascurabile, quella di essere la prima zona italiana per produzione di\u00a0<strong>Pinot Nero<\/strong>\u00a0e la terza nel mondo. Pinot Nero con cui si producono eleganti Spumanti Metodo Classico, freschi Spumanti Metodo Martinotti e nobili Pinot Nero vinificati in rosso che si affinano sia in acciaio che in barrique. La Bonarda, il Riesling e altre tipologie completano l\u2019offerta dei vini prodotti in Oltrep\u00f2 Pavese.<\/p>\n<p style=\"text-align: justify;\"><strong>La Tenuta Le Fracce di Mairano di Casteggio \u00e8 una di queste aziende.<\/strong><\/p>\n<p>&nbsp;[\/vc_column_text][vc_message message_box_style=&#8221;outline&#8221; message_box_color=&#8221;pink&#8221; icon_fontawesome=&#8221;fas fa-bell&#8221;]<strong>Perch\u00e9 riceverete a casa vostra i vini della Tenuta Le Fracce senza intermediari<\/strong>[\/vc_message][vc_message message_box_style=&#8221;outline&#8221; message_box_color=&#8221;pink&#8221; icon_fontawesome=&#8221;fas fa-bell&#8221;]<strong>Perch\u00e8 l&#8217;Oltrep\u00f2 Pavese \u00e8 la prima zona di produzione dei Vini della Lombardia e la pi\u00f9 antica<\/strong>[\/vc_message][vc_message message_box_style=&#8221;outline&#8221; message_box_color=&#8221;pink&#8221; icon_fontawesome=&#8221;fas fa-bell&#8221;]<strong>Perch\u00e8 l&#8217;Oltrep\u00f2 Pavese e la Tenuta Le Fracce di Casteggio non vogliono farsi dimenticare<\/strong>[\/vc_message][vc_single_image image=&#8221;502&#8243; img_size=&#8221;full&#8221;][\/vc_column][\/vc_row]<\/p>\n","protected":false},"excerpt":{"rendered":"<p>[vc_row][vc_column][vc_custom_heading text=&#8221;PERCHE&#8217; ACQUISTARE&#8221; font_container=&#8221;tag:h1|text_align:center|color:%23dd3333&#8243; use_theme_fonts=&#8221;yes&#8221;][vc_column_text] Perch\u00e8 acquistare?\u00a0L\u2019Oltrep\u00f2 Pavese \u00e8 una delle zone italiane pi\u00f9 antica per la produzione di vino; scritture che risalgono ai tempi dei romani testimoniano la coltivazione della vite e la produzione di vino. Una lunga storia che porta il territorio ad essere oggi il primo della Lombardia per ettari vitati e&hellip;<\/p>\n","protected":false},"author":1,"featured_media":0,"parent":0,"menu_order":0,"comment_status":"closed","ping_status":"closed","template":"","meta":{"footnotes":""},"class_list":["post-73","page","type-page","status-publish","hentry"],"_links":{"self":[{"href":"https:\/\/lefracce.oltrepoacasatua.it\/index.php\/wp-json\/wp\/v2\/pages\/73","targetHints":{"allow":["GET"]}}],"collection":[{"href":"https:\/\/lefracce.oltrepoacasatua.it\/index.php\/wp-json\/wp\/v2\/pages"}],"about":[{"href":"https:\/\/lefracce.oltrepoacasatua.it\/index.php\/wp-json\/wp\/v2\/types\/page"}],"author":[{"embeddable":true,"href":"https:\/\/lefracce.oltrepoacasatua.it\/index.php\/wp-json\/wp\/v2\/users\/1"}],"replies":[{"embeddable":true,"href":"https:\/\/lefracce.oltrepoacasatua.it\/index.php\/wp-json\/wp\/v2\/comments?post=73"}],"version-history":[{"count":31,"href":"https:\/\/lefracce.oltrepoacasatua.it\/index.php\/wp-json\/wp\/v2\/pages\/73\/revisions"}],"predecessor-version":[{"id":504,"href":"https:\/\/lefracce.oltrepoacasatua.it\/index.php\/wp-json\/wp\/v2\/pages\/73\/revisions\/504"}],"wp:attachment":[{"href":"https:\/\/lefracce.oltrepoacasatua.it\/index.php\/wp-json\/wp\/v2\/media?parent=73"}],"curies":[{"name":"wp","href":"https:\/\/api.w.org\/{rel}","templated":true}]}}