{"id":474,"date":"2020-05-30T09:44:48","date_gmt":"2020-05-30T09:44:48","guid":{"rendered":"https:\/\/lefracce.oltrepoacasatua.it\/?post_type=product&#038;p=474"},"modified":"2024-11-19T11:08:10","modified_gmt":"2024-11-19T11:08:10","slug":"cirga-oltrepo-pavese-rosso-doc","status":"publish","type":"product","link":"https:\/\/lefracce.oltrepoacasatua.it\/index.php\/prodotto\/cirga-oltrepo-pavese-rosso-doc\/","title":{"rendered":"&#8220;Cirg\u00e0&#8221; Oltrep\u00f2 Pavese Rosso DOC"},"content":{"rendered":"<p><strong>Cirg\u00e0 &#8211; Oltrep\u00f2 Pavese Rosso DOC<\/strong><\/p>\n<p>Vino storico della tenuta &#8211; assieme a Bohemi &#8211; dal 1986, Cirg\u00e0 \u00e8 un Rosso importante, caratterizzato dalla presenza dominante della Croatina. Prodotto da uve provenienti da un unico vigneto che si distende sulla collina soprannominata \u201cCirg\u00e0\u201d. Un vino dallo spiccato bouquet aromatico, dal gusto deciso ed equilibrato.<\/p>\n<p><strong>Colore <\/strong>Rosso rubino intenso.<br \/>\n<strong>Profumo<\/strong> Personalissimo, penetrante, con marcata nota floreale di viola.<br \/>\n<strong>Sapore<\/strong> Pieno, bilanciato nelle componenti estrattive, di lunga e piacevole persistenza e carattere deciso.<br \/>\n<strong>Consumo<\/strong> La temperatura di servizio consigliata \u00e8 di 12-15 \u00b0C. Si accompagna a primi piatti con sughi saporiti, carni arrosto e formaggi.<\/p>\n<p><strong>Vitigni<\/strong> Croatina 50%, Barbera 25%, Pinot Nero 25%.<\/p>\n<p><strong>Terreno<\/strong> 3 ettari di natura sabbioso-argillosa, esposti a est, tra i 150 e i 200 metri s.l.m. nel comune di Mairano di Casteggio, sulla collina contraddistinta con il nome di Cirg\u00e0.<\/p>\n<p><strong>Coltivazione <\/strong>I trattamenti nel vigneto sono ridotti al minimo, senza l\u2019uso di antibotritici e prodotti di sintesi. Il sistema di potatura utilizzato \u00e8 il Guyot per una maggiore uniformit\u00e0 qualitativa. Annuale meticolosa eliminazione dei grappoli meno uniformi prima dell\u2019effettiva maturazione del frutto nel mese di luglio. La scelta rigorosa dell\u2019azienda \u00e8 di ottenere una grande qualit\u00e0, scegliendo di avere una produzione massima di 1,3kg per pianta (la resa per ettaro \u00e8 di appena 60q di uva per circa 4.500 piante).<\/p>\n<p><strong>Ricerca <\/strong>Conducendo direttamente in campo le ricerche finanziate dalla Fondazione Bussolera-Branca, che mirano alla valorizzazione del patrimonio agri-viticolo pavese, effettuiamo la coltivazione dei vigneti con criteri ecosostenibili. Grazie ai risultati di alcune tra queste ricerche, nell\u2019allestimento dei nuovi impianti, durante la messa a dimora delle piantine, sono stati impiegati gli &#8220;attinomiceti&#8221;, funghi naturali che proteggono le giovani radici dalle patologie, favorendone una crescita sana ed ecologica.<\/p>\n<p><strong>Raccolta<\/strong> I grappoli sono raccolti a mano eseguendo una severa cernita per scartare ogni imperfezione. L\u2019aggiunta immediata di ghiaccio secco ci permette di non perdere nulla nei profumi e non essere aggrediti dall\u2019ossidazione, cos\u00ec da vinificare solo uva di alta qualit\u00e0.<\/p>\n<p><strong>Vinificazione <\/strong>Le uve, raccolte in tempi diversi a seconda del periodo di maturazione, vengono vinificate separatamente. La fermentazione con macerazione delle bucce dura dai 7 ai 15 giorni, a seconda del vitigno, a una temperatura massima di 28 \u00b0C.<\/p>\n<p><strong>Affinamento<\/strong> I tre vini, affinati separatamente in acciaio per il primo anno, sono poi assemblati e proseguono la sosta in serbatoi di acciaio inox, condizionati a 15 \u00b0C di temperatura, per ulteriori 3 anni.<\/p>\n<p><strong>14,5\u00b0 Vol. &#8211; Contiene Solfiti<\/strong><\/p>\n","protected":false},"excerpt":{"rendered":"<p><strong>Vino storico della tenuta &#8211; assieme a Bohemi &#8211; dal 1986, Cirg\u00e0 \u00e8 un Rosso importante, caratterizzato dalla presenza dominante della Croatina. Prodotto da uve provenienti da un unico vigneto che si distende sulla collina soprannominata \u201cCirg\u00e0\u201d. Un vino dallo spiccato bouquet aromatico, dal gusto deciso ed equilibrato.<\/strong><\/p>\n","protected":false},"featured_media":483,"comment_status":"open","ping_status":"closed","template":"","meta":[],"product_cat":[15],"product_tag":[],"class_list":["post-474","product","type-product","status-publish","has-post-thumbnail","hentry","product_cat-spumanti-vini-le-fracce","add-to-wishlist-after_add_to_cart","col-xs-6 col-sm-4","col-mf-5","un--cols"],"_links":{"self":[{"href":"https:\/\/lefracce.oltrepoacasatua.it\/index.php\/wp-json\/wp\/v2\/product\/474","targetHints":{"allow":["GET"]}}],"collection":[{"href":"https:\/\/lefracce.oltrepoacasatua.it\/index.php\/wp-json\/wp\/v2\/product"}],"about":[{"href":"https:\/\/lefracce.oltrepoacasatua.it\/index.php\/wp-json\/wp\/v2\/types\/product"}],"replies":[{"embeddable":true,"href":"https:\/\/lefracce.oltrepoacasatua.it\/index.php\/wp-json\/wp\/v2\/comments?post=474"}],"wp:featuredmedia":[{"embeddable":true,"href":"https:\/\/lefracce.oltrepoacasatua.it\/index.php\/wp-json\/wp\/v2\/media\/483"}],"wp:attachment":[{"href":"https:\/\/lefracce.oltrepoacasatua.it\/index.php\/wp-json\/wp\/v2\/media?parent=474"}],"wp:term":[{"taxonomy":"product_cat","embeddable":true,"href":"https:\/\/lefracce.oltrepoacasatua.it\/index.php\/wp-json\/wp\/v2\/product_cat?post=474"},{"taxonomy":"product_tag","embeddable":true,"href":"https:\/\/lefracce.oltrepoacasatua.it\/index.php\/wp-json\/wp\/v2\/product_tag?post=474"}],"curies":[{"name":"wp","href":"https:\/\/api.w.org\/{rel}","templated":true}]}}