{"id":489,"date":"2020-06-08T13:17:10","date_gmt":"2020-06-08T13:17:10","guid":{"rendered":"https:\/\/lefracce.oltrepoacasatua.it\/?post_type=product&#038;p=489"},"modified":"2024-11-19T11:07:55","modified_gmt":"2024-11-19T11:07:55","slug":"moro-pinot-nero-delloltrepo-pavese-doc","status":"publish","type":"product","link":"https:\/\/lefracce.oltrepoacasatua.it\/index.php\/prodotto\/moro-pinot-nero-delloltrepo-pavese-doc\/","title":{"rendered":"\u201cMoro\u201d Pinot Nero\u00a0dell\u2019Oltrep\u00f2 Pavese DOC"},"content":{"rendered":"<p><strong>\u201cMoro\u201d Pinot Nero dell\u2019Oltrep\u00f2 Pavese DOC. <\/strong>Interpretazione snella e seducente del Pinot Nero, dove spiccano la lucentezza del colore, la nettezza aromatica e la sensazione vellutata del tannino.<\/p>\n<p><strong>Colore<\/strong> Rosso luminoso.<br \/>\n<strong>Profumo<\/strong> Nota fruttata netta di piccoli frutti, mirtillo e ribes nero.<br \/>\n<strong>Sapore<\/strong> Di buona morbidezza, modulato sul tannino e con chiusura fresca.<br \/>\n<strong>Consumo<\/strong> La temperatura di servizio consigliata \u00e8 15 \u00b0C. Si pu\u00f2 accompagnare a sformati di verdure, pasta fresca ai funghi, roast beef.<\/p>\n<p><strong>Vitigni<\/strong> 100% Pinot Nero da vigneti impiantati negli anni \u201890.<\/p>\n<p><strong>Terreno<\/strong> 2 ettari, sciolto con molto scheletro e ottima dotazione di calcare, esposti a est a un\u2019altitudine di 150-300 metri s.l.m.. I vigneti sono situati nel comune di Mairano di Casteggio e San Biagio di Casteggio.<\/p>\n<p><strong>Coltivazione<\/strong> I trattamenti nel vigneto sono ridotti al minimo, senza l\u2019uso di diserbanti e prodotti sistemici. Il sistema di potatura utilizzato \u00e8 il Guyot per una maggiore uniformit\u00e0 qualitativa. La scelta rigorosa dell\u2019azienda \u00e8 di ottenere una grande qualit\u00e0, scegliendo di avere una produzione massima di 1,4kg per pianta (la resa per ettaro \u00e8 di 70q di uva per circa 5.000 piante).<\/p>\n<p><strong>Ricerca<\/strong>. Conducendo direttamente in campo le ricerche finanziate dalla Fondazione Bussolera-Branca, che mirano alla valorizzazione del patrimonio agri-viticolo pavese, effettuiamo la coltivazione dei vigneti con criteri ecosostenibili. Grazie ai risultati di alcune tra queste ricerche, nell\u2019allestimento dei nuovi impianti, durante la messa a dimora delle piantine, sono stati impiegati gli &#8220;attinomiceti&#8221;, funghi naturali che proteggono le giovani radici dalle patologie, favorendone una crescita sana ed ecologica.<\/p>\n<p><strong>Raccolta<\/strong>. I grappoli sono raccolti a mano eseguendo un\u2019accurata cernita per scartare ogni imperfezione. L\u2019aggiunta immediata di ghiaccio secco ci permette di non perdere nulla nei profumi e non essere aggrediti dall\u2019ossidazione, cos\u00ec da vinificare solo uva di alta qualit\u00e0.<\/p>\n<p><strong>Vinificazione<\/strong>. Gli acini vengono separati delicatamente dal raspo e macerati per 3 giorni a una bassa temperatura di 15 \u00b0C, al fine di preservare il potenziale aromatico. Successivamente il mosto va in fermentazione a temperatura controllata di 25 \u00b0C.<\/p>\n<p><strong>Affinamento<\/strong>. A fermentazione malolattica avvenuta, il vino viene conservato in acciaio a una temperatura di 12 \u00b0C.<\/p>\n<p><strong>13,5\u00b0 Vol. \u2013 Contiene Solfiti<\/strong><\/p>\n","protected":false},"excerpt":{"rendered":"<p><strong> Interpretazione snella e seducente del Pinot Nero, dove spiccano la lucentezza del colore, la nettezza aromatica e la sensazione vellutata del tannino.<\/strong><\/p>\n","protected":false},"featured_media":485,"comment_status":"open","ping_status":"closed","template":"","meta":[],"product_cat":[15],"product_tag":[],"class_list":["post-489","product","type-product","status-publish","has-post-thumbnail","hentry","product_cat-spumanti-vini-le-fracce","add-to-wishlist-after_add_to_cart","col-xs-6 col-sm-4","col-mf-5","un--cols"],"_links":{"self":[{"href":"https:\/\/lefracce.oltrepoacasatua.it\/index.php\/wp-json\/wp\/v2\/product\/489","targetHints":{"allow":["GET"]}}],"collection":[{"href":"https:\/\/lefracce.oltrepoacasatua.it\/index.php\/wp-json\/wp\/v2\/product"}],"about":[{"href":"https:\/\/lefracce.oltrepoacasatua.it\/index.php\/wp-json\/wp\/v2\/types\/product"}],"replies":[{"embeddable":true,"href":"https:\/\/lefracce.oltrepoacasatua.it\/index.php\/wp-json\/wp\/v2\/comments?post=489"}],"wp:featuredmedia":[{"embeddable":true,"href":"https:\/\/lefracce.oltrepoacasatua.it\/index.php\/wp-json\/wp\/v2\/media\/485"}],"wp:attachment":[{"href":"https:\/\/lefracce.oltrepoacasatua.it\/index.php\/wp-json\/wp\/v2\/media?parent=489"}],"wp:term":[{"taxonomy":"product_cat","embeddable":true,"href":"https:\/\/lefracce.oltrepoacasatua.it\/index.php\/wp-json\/wp\/v2\/product_cat?post=489"},{"taxonomy":"product_tag","embeddable":true,"href":"https:\/\/lefracce.oltrepoacasatua.it\/index.php\/wp-json\/wp\/v2\/product_tag?post=489"}],"curies":[{"name":"wp","href":"https:\/\/api.w.org\/{rel}","templated":true}]}}