{"id":509,"date":"2020-06-09T06:36:23","date_gmt":"2020-06-09T06:36:23","guid":{"rendered":"https:\/\/lefracce.oltrepoacasatua.it\/?post_type=product&#038;p=509"},"modified":"2024-12-05T19:16:47","modified_gmt":"2024-12-05T19:16:47","slug":"lando-riesling-oltrepo-pavese-doc-riesling","status":"publish","type":"product","link":"https:\/\/lefracce.oltrepoacasatua.it\/index.php\/prodotto\/lando-riesling-oltrepo-pavese-doc-riesling\/","title":{"rendered":"\u201cLand\u00f2\u201d Riesling Oltrep\u00f2 Pavese DOC Riesling"},"content":{"rendered":"<p><strong>\u201cLand\u00f2\u201d Riesling Oltrep\u00f2 Pavese DOC Riesling.<\/strong> \u00c8 un bianco di classe, dal bouquet aromatico elegante, minerale e dalla splendida sapidit\u00e0 di gusto, che evidenzia la vocazione dei nostri terreni alla produzione di vini bianchi di lunga conservazione.<\/p>\n<p><strong>Colore<\/strong> Giallo paglierino intenso.<br \/>\n<strong>Profumo<\/strong> Molto deciso, con intensi profumi di ginestra, pesca selvatica e una marcata mineralit\u00e0.<br \/>\n<strong>Sapore<\/strong> Di notevole struttura e gradevolmente sapido, con lunga chiusura.<br \/>\n<strong>Consumo<\/strong> La temperatura di servizio consigliata \u00e8 di 8-10 \u00b0C. Si accompagna ad antipasti a base di verdure, primi piatti leggeri, secondi di pesce e carni bianche.<\/p>\n<p><strong>Vitigni<\/strong> 100% Riesling Renano. La produzione deriva da vigneti del 1994\/1998, le cui barbatelle sono state selezionate sulla base di un\u2019attenta ricerca di variet\u00e0 alsaziane.<\/p>\n<p><strong>Terreno<\/strong> 3 ettari di natura calcarea e calcareo-argillosa esposti a ovest, a una altitudine compresa tra i 250 e i 350 s.l.m. nei comuni di Mairano di Casteggio e San Biagio di Casteggio.<\/p>\n<p><strong>Coltivazione<\/strong> I trattamenti nel vigneto sono ridotti al minimo, senza l\u2019uso di antibotritici e prodotti di sintesi. Il sistema di potatura utilizzato \u00e8 il Guyot per una maggiore uniformit\u00e0 qualitativa. La scelta rigorosa dell\u2019azienda \u00e8 di ottenere una grande qualit\u00e0, scegliendo di avere una produzione massima di 1,2kg per pianta (la resa per ettaro \u00e8 di 60q di uva per circa 5.000 piante).<\/p>\n<p><strong>Ricerca<\/strong> Conducendo direttamente in campo le ricerche finanziate dalla Fondazione Bussolera-Branca, che mirano alla valorizzazione del patrimonio agri-viticolo pavese, effettuiamo la coltivazione dei vigneti con criteri ecosostenibili. Grazie ai risultati di alcune tra queste ricerche, nell\u2019allestimento dei nuovi impianti, durante la messa a dimora delle piantine, sono stati impiegati gli &#8220;attinomiceti&#8221;, funghi naturali che proteggono le giovani radici dalle patologie, favorendone una crescita sana ed ecologica.<\/p>\n<p><strong>Raccolta<\/strong> I grappoli sono raccolti a mano eseguendo un\u2019accurata cernita per scartare ogni imperfezione. L\u2019aggiunta immediata di ghiaccio secco ci permette di non perdere nulla nei profumi e non essere aggrediti dall\u2019ossidazione, cos\u00ec da vinificare solo uva di alta qualit\u00e0.<\/p>\n<p><strong>Vinificazione<\/strong> Macerazione pellicolare per 18 ore a 4 \u00b0C per migliorare l\u2019estrazione degli aromi e conferire struttura. Segue una pressatura soffice per separare delicatamente le bucce dal mosto. La fermentazione avviene in serbatoi di acciaio inox alla temperatura di 18 \u00b0C per circa 25 giorni e per il 20% in anfore di ceramica gr\u00e8s al fine di favorire un\u2019ossigenazione controllata ed una maggiore ampiezza aromatica.<\/p>\n<p><strong>Affinamento<\/strong> In serbatoi di acciaio per una durata di 4 mesi alla temperatura di 5 \u00b0C per consentire la stabilizzazione tartarica e per il 20% in anfore di ceramica gr\u00e8s<\/p>\n<p><strong>13,5\u00b0 Vol. \u2013 Contiene Solfiti<\/strong><\/p>\n","protected":false},"excerpt":{"rendered":"<p>\u201cLand\u00f2\u201d Riesling Oltrep\u00f2 Pavese DOC Riesling. \u00c8 un bianco di classe, dal bouquet aromatico elegante, minerale e dalla splendida sapidit\u00e0 di gusto, che evidenzia la vocazione dei nostri terreni alla produzione di vini bianchi di lunga conservazione. Colore Giallo paglierino intenso. Profumo Molto deciso, con intensi profumi di ginestra, pesca selvatica e una marcata mineralit\u00e0.&hellip;<\/p>\n","protected":false},"featured_media":484,"comment_status":"open","ping_status":"closed","template":"","meta":[],"product_cat":[15],"product_tag":[],"class_list":["post-509","product","type-product","status-publish","has-post-thumbnail","hentry","product_cat-spumanti-vini-le-fracce","add-to-wishlist-after_add_to_cart","col-xs-6 col-sm-4","col-mf-5","un--cols"],"_links":{"self":[{"href":"https:\/\/lefracce.oltrepoacasatua.it\/index.php\/wp-json\/wp\/v2\/product\/509","targetHints":{"allow":["GET"]}}],"collection":[{"href":"https:\/\/lefracce.oltrepoacasatua.it\/index.php\/wp-json\/wp\/v2\/product"}],"about":[{"href":"https:\/\/lefracce.oltrepoacasatua.it\/index.php\/wp-json\/wp\/v2\/types\/product"}],"replies":[{"embeddable":true,"href":"https:\/\/lefracce.oltrepoacasatua.it\/index.php\/wp-json\/wp\/v2\/comments?post=509"}],"wp:featuredmedia":[{"embeddable":true,"href":"https:\/\/lefracce.oltrepoacasatua.it\/index.php\/wp-json\/wp\/v2\/media\/484"}],"wp:attachment":[{"href":"https:\/\/lefracce.oltrepoacasatua.it\/index.php\/wp-json\/wp\/v2\/media?parent=509"}],"wp:term":[{"taxonomy":"product_cat","embeddable":true,"href":"https:\/\/lefracce.oltrepoacasatua.it\/index.php\/wp-json\/wp\/v2\/product_cat?post=509"},{"taxonomy":"product_tag","embeddable":true,"href":"https:\/\/lefracce.oltrepoacasatua.it\/index.php\/wp-json\/wp\/v2\/product_tag?post=509"}],"curies":[{"name":"wp","href":"https:\/\/api.w.org\/{rel}","templated":true}]}}